{"id":11989,"date":"2023-04-05T23:06:26","date_gmt":"2023-04-05T21:06:26","guid":{"rendered":"https:\/\/uridan.com\/?page_id=11989"},"modified":"2026-02-12T14:12:10","modified_gmt":"2026-02-12T13:12:10","slug":"ochrona-danych","status":"publish","type":"page","link":"https:\/\/uridan.com\/pl\/ochrona-danych\/","title":{"rendered":"Ochrona danych"},"content":{"rendered":"\t\t<div data-elementor-type=\"wp-page\" data-elementor-id=\"11989\" class=\"elementor elementor-11989 elementor-10348\" data-elementor-post-type=\"page\">\n\t\t\t\t<div class=\"elementor-element elementor-element-279c32b e-flex e-con-boxed e-con e-parent\" data-id=\"279c32b\" data-element_type=\"container\" data-e-type=\"container\" data-settings=\"{&quot;background_background&quot;:&quot;classic&quot;,&quot;shape_divider_bottom&quot;:&quot;waves&quot;}\">\n\t\t\t\t\t<div class=\"e-con-inner\">\n\t\t\t\t<div class=\"elementor-shape elementor-shape-bottom\" aria-hidden=\"true\" data-negative=\"false\">\n\t\t\t<svg xmlns=\"http:\/\/www.w3.org\/2000\/svg\" viewBox=\"0 0 1000 100\" preserveAspectRatio=\"none\">\n\t<path class=\"elementor-shape-fill\" d=\"M421.9,6.5c22.6-2.5,51.5,0.4,75.5,5.3c23.6,4.9,70.9,23.5,100.5,35.7c75.8,32.2,133.7,44.5,192.6,49.7\n\tc23.6,2.1,48.7,3.5,103.4-2.5c54.7-6,106.2-25.6,106.2-25.6V0H0v30.3c0,0,72,32.6,158.4,30.5c39.2-0.7,92.8-6.7,134-22.4\n\tc21.2-8.1,52.2-18.2,79.7-24.2C399.3,7.9,411.6,7.5,421.9,6.5z\"\/>\n<\/svg>\t\t<\/div>\n\t\t<div class=\"elementor-element elementor-element-ddcd363 e-con-full e-flex e-con e-child\" data-id=\"ddcd363\" data-element_type=\"container\" data-e-type=\"container\">\n\t\t\t\t<div class=\"elementor-element elementor-element-5375b09 elementor-widget elementor-widget-heading\" data-id=\"5375b09\" data-element_type=\"widget\" data-e-type=\"widget\" data-widget_type=\"heading.default\">\n\t\t\t\t<div class=\"elementor-widget-container\">\n\t\t\t\t\t<h2 class=\"elementor-heading-title elementor-size-default\">Ochrona danych<\/h2>\t\t\t\t<\/div>\n\t\t\t\t<\/div>\n\t\t\t\t<div class=\"elementor-element elementor-element-e36eb15 elementor-widget-divider--view-line elementor-widget elementor-widget-divider\" data-id=\"e36eb15\" data-element_type=\"widget\" data-e-type=\"widget\" data-widget_type=\"divider.default\">\n\t\t\t\t<div class=\"elementor-widget-container\">\n\t\t\t\t\t\t\t<div class=\"elementor-divider\">\n\t\t\t<span class=\"elementor-divider-separator\">\n\t\t\t\t\t\t<\/span>\n\t\t<\/div>\n\t\t\t\t\t\t<\/div>\n\t\t\t\t<\/div>\n\t\t\t\t<div class=\"elementor-element elementor-element-063af9d elementor-widget elementor-widget-heading\" data-id=\"063af9d\" data-element_type=\"widget\" data-e-type=\"widget\" data-widget_type=\"heading.default\">\n\t\t\t\t<div class=\"elementor-widget-container\">\n\t\t\t\t\t<h4 class=\"elementor-heading-title elementor-size-default\">uridan\u00ae waterless solutions<\/h4>\t\t\t\t<\/div>\n\t\t\t\t<\/div>\n\t\t\t\t<\/div>\n\t\t\t\t\t<\/div>\n\t\t\t\t<\/div>\n\t\t<div class=\"elementor-element elementor-element-730d984 e-flex e-con-boxed e-con e-parent\" data-id=\"730d984\" data-element_type=\"container\" data-e-type=\"container\">\n\t\t\t\t\t<div class=\"e-con-inner\">\n\t\t<div class=\"elementor-element elementor-element-5bd6883 e-con-full e-flex e-con e-child\" data-id=\"5bd6883\" data-element_type=\"container\" data-e-type=\"container\">\n\t\t\t\t<div class=\"elementor-element elementor-element-8777168 elementor-widget elementor-widget-html\" data-id=\"8777168\" data-element_type=\"widget\" data-e-type=\"widget\" data-widget_type=\"html.default\">\n\t\t\t\t<div class=\"elementor-widget-container\">\n\t\t\t\t\t<!-- Google Tag Manager -->\n<script>(function(w,d,s,l,i){w[l]=w[l]||[];w[l].push({'gtm.start':\nnew Date().getTime(),event:'gtm.js'});var f=d.getElementsByTagName(s)[0],\nj=d.createElement(s),dl=l!='dataLayer'?'&l='+l:'';j.async=true;j.src=\n'https:\/\/www.googletagmanager.com\/gtm.js?id='+i+dl;f.parentNode.insertBefore(j,f);\n})(window,document,'script','dataLayer','GTM-P6X8WD7Z');<\/script>\n<!-- End Google Tag Manager -->\n\t\t\t\t<\/div>\n\t\t\t\t<\/div>\n\t\t\t\t<div class=\"elementor-element elementor-element-41d6e0f elementor-widget elementor-widget-text-editor\" data-id=\"41d6e0f\" data-element_type=\"widget\" data-e-type=\"widget\" data-widget_type=\"text-editor.default\">\n\t\t\t\t<div class=\"elementor-widget-container\">\n\t\t\t\t\t\t\t\t\t<div class=\"et_pb_module et_pb_text et_pb_text_0 et_pb_text_align_left et_pb_bg_layout_light\"><div class=\"et_pb_text_inner\">Ta strona jest prowadzona przez<br \/><p>uridan waterless solutions GmbH<br \/>Sandfeld 5<br \/>A-2100 Stetten<\/p><p>Niniejsze zawiadomienie opisuje, w jaki spos\u00f3b my, jako administrator danych, przetwarzamy Pa\u0144stwa dane osobowe w zwi\u0105zku z niniejsz\u0105 stron\u0105 internetow\u0105 zgodnie z wymogami unijnego rozporz\u0105dzenia o ochronie danych (EU GDPR). Ochrona Pa\u0144stwa danych osobowych jest dla nas przedmiotem szczeg\u00f3lnej troski. Dlatego przetwarzamy Pa\u0144stwa dane wy\u0142\u0105cznie na podstawie przepis\u00f3w prawnych (DSGVO, TKG 2003). W niniejszej informacji o ochronie danych informujemy o najwa\u017cniejszych aspektach przetwarzania danych w ramach naszej strony internetowej.<\/p><h2>Jakie dane o Tobie przetwarzamy<\/h2><p>W trakcie odwiedzania tej strony internetowej zbierane s\u0105 nast\u0119puj\u0105ce informacje: Data i godzina dost\u0119pu do strony na naszej stronie internetowej, Pa\u0144stwa adres IP, nazwa i wersja przegl\u0105darki internetowej, strona internetowa (URL), kt\u00f3r\u0105 odwiedzili Pa\u0144stwo przed wej\u015bciem na t\u0119 stron\u0119, niekt\u00f3re pliki cookies (patrz punkt &#8222;Pliki cookies&#8221;) oraz informacje, kt\u00f3re sami Pa\u0144stwo podaj\u0105 poprzez swoje wpisy.<\/p><p>W formularzu kontaktowym partner handlowy<\/p><p>Nie ma obowi\u0105zku faktycznego podawania danych, o kt\u00f3re mo\u017cemy prosi\u0107 na naszej stronie internetowej. Je\u015bli jednak tego nie zrobisz, mo\u017cesz do\u015bwiadczy\u0107 ogranicze\u0144 funkcjonalnych podczas korzystania z witryny.<\/p><p>Nie wykorzystujemy tych danych i zasadniczo nie przekazujemy ich dalej. Ponadto nie dochodzi do regularnego profilowania lub podobnej oceny Pa\u0144stwa danych. Pa\u0144stwa dane s\u0105 przekazywane tylko za Pa\u0144stwa zgod\u0105 i tylko w ograniczonym celu (realizacja zam\u00f3wienia klienta, zam\u00f3wienie, dostawa itp.).<\/p><h2>Szyfrowana transmisja danych<\/h2><p>Do bezpiecznego przesy\u0142ania danych przez internet u\u017cywamy protoko\u0142u https z szyfrowaniem TLS (Transport Layer Security). Dzi\u0119ki zastosowaniu TLS mo\u017cemy zagwarantowa\u0107 bezpieczne przesy\u0142anie poufnych danych. Zastosowanie https\/TLS mo\u017cna rozpozna\u0107 w przegl\u0105darce po ma\u0142ym symbolu k\u0142\u00f3dki i przedrostku https na pocz\u0105tku adresu strony internetowej.<\/p><h2>Skontaktuj si\u0119 z nami<\/h2><p>Je\u015bli skontaktujesz si\u0119 z nami za pomoc\u0105 formularza na stronie internetowej lub poprzez e-mail, podane przez Ciebie dane b\u0119d\u0105 przez nas przechowywane przez 3 lata w celu rozpatrzenia zapytania oraz w przypadku pyta\u0144 uzupe\u0142niaj\u0105cych. Nie b\u0119dziemy przekazywa\u0107 tych danych bez Pa\u0144stwa zgody.<\/p><p>W przypadku przesy\u0142ania nam danych osobowych za po\u015brednictwem poczty elektronicznej nie mo\u017cemy zagwarantowa\u0107 bezpiecznej transmisji i ochrony danych. Dlatego zalecamy, aby nie przesy\u0142a\u0107 poufnych danych niezaszyfrowanych poczt\u0105 elektroniczn\u0105.<\/p><h2>Cookies<\/h2><p>Na tej stronie internetowej stosowane s\u0105 tak zwane pliki cookies. Cookie to plik, kt\u00f3ry mo\u017ce by\u0107 przechowywany na komputerze u\u017cytkownika podczas odwiedzania strony internetowej. Zasadniczo pliki cookie s\u0105 wykorzystywane do zapewnienia u\u017cytkownikom dodatkowych funkcji na stronie internetowej (np. w celu u\u0142atwienia nawigacji na stronie internetowej, kontynuowania korzystania ze strony internetowej w miejscu, w kt\u00f3rym u\u017cytkownik j\u0105 opu\u015bci\u0142 i\/lub zapisania preferencji i ustawie\u0144 przy ponownym odwiedzeniu strony internetowej). Pliki cookie nie maj\u0105 dost\u0119pu, nie mog\u0105 odczytywa\u0107 ani modyfikowa\u0107 \u017cadnych innych danych na komputerze u\u017cytkownika.<\/p><p>Wi\u0119kszo\u015b\u0107 plik\u00f3w cookie na tej stronie to tak zwane pliki cookie sesji. S\u0105 one automatycznie usuwane po ponownym opuszczeniu naszej strony internetowej. Natomiast sta\u0142e pliki cookie pozostaj\u0105 na Pa\u0144stwa komputerze do momentu ich r\u0119cznego usuni\u0119cia w przegl\u0105darce. U\u017cywamy takich trwa\u0142ych plik\u00f3w cookie, aby rozpozna\u0107 Pa\u0144stwa przy nast\u0119pnej wizycie na naszej stronie internetowej.<\/p><p>Je\u015bli chcesz kontrolowa\u0107 pliki cookie na swoim komputerze, mo\u017cesz wybra\u0107 ustawienia przegl\u0105darki tak, aby otrzymywa\u0107 powiadomienie, gdy strona internetowa chce przechowywa\u0107 pliki cookie. Mo\u017cesz r\u00f3wnie\u017c zablokowa\u0107 lub usun\u0105\u0107 pliki cookie, je\u015bli zosta\u0142y one ju\u017c zapisane na Twoim komputerze. Je\u015bli wy\u0142\u0105czysz pliki cookie, funkcjonalno\u015b\u0107 naszej strony internetowej mo\u017ce by\u0107 ograniczona.<\/p><\/div><p><span class=\"code-example\"><span class=\"borlabs-cookie-open-dialog-preferences brlbs-cmpnt-container\" data-borlabs-cookie-title=\"Cookie Einstellungen\" data-borlabs-cookie-type=\"button\" ><\/span><\/span><\/p><div class=\"et_pb_text_inner\"><h2>Cele przetwarzania danych<\/h2><p>Przetwarzamy Twoje dane osobowe w nast\u0119puj\u0105cych celach:<\/p><ul><li>aby zapewni\u0107 Ci t\u0119 stron\u0119 internetow\u0105 oraz aby j\u0105 dalej ulepsza\u0107 i rozwija\u0107<\/li><li>aby m\u00f3c tworzy\u0107 statystyki u\u017cytkowania<\/li><li>aby m\u00f3c wykrywa\u0107, zapobiega\u0107 i bada\u0107 ataki na nasz\u0105 stron\u0119 internetow\u0105<\/li><li>aby odpowiedzie\u0107 na Twoje zapytania<\/li><\/ul><p>Kontaktuj\u0105c si\u0119 z nami poprzez formularz internetowy dla partner\u00f3w handlowych, wykorzystujemy podane dane do przetworzenia wszystkich niezb\u0119dnych formalno\u015bci zwi\u0105zanych z rejestracj\u0105 jako partner handlowy.<\/p><h2>Podstawy prawne przetwarzania danych<\/h2><p>Podstaw\u0105 prawn\u0105 przetwarzania Twoich danych osobowych jest nasz nadrz\u0119dny uzasadniony interes (na podstawie art. 6 ust. 1 lit. f og\u00f3lnego rozporz\u0105dzenia o ochronie danych UE), kt\u00f3rym jest realizacja wy\u017cej wymienionych cel\u00f3w.<\/p><h2>Przekazywanie danych osobowych<\/h2><p>W wy\u017cej wymienionych celach b\u0119dziemy przekazywa\u0107 Twoje dane osobowe wykorzystywanym przez nas dostawcom us\u0142ug IT, w szczeg\u00f3lno\u015bci dostawcom CRM, partnerom logistycznym oraz innym firmom, kt\u00f3rych zaanga\u017cowanie jest niezb\u0119dne do przetwarzania naszych relacji biznesowych z Tob\u0105.<\/p><p>Niekt\u00f3rzy z wymienionych powy\u017cej odbiorc\u00f3w mog\u0105 znajdowa\u0107 si\u0119 lub przetwarza\u0107 Twoje dane osobowe poza Twoim krajem. Poziom ochrony danych w innych krajach mo\u017ce nie by\u0107 taki sam jak w Twoim kraju. Jednak przekazujemy Twoje dane osobowe tylko do kraj\u00f3w, w przypadku kt\u00f3rych Komisja UE uzna\u0142a, \u017ce maj\u0105 one odpowiedni poziom ochrony danych lub podejmujemy kroki w celu zapewnienia, \u017ce wszyscy odbiorcy maj\u0105 odpowiedni poziom ochrony danych. Na przyk\u0142ad zawieramy w tym celu standardowe klauzule umowne (2010\/87\/WE i\/lub 2004\/915\/WE).<\/p><h2>Twoje prawa w zwi\u0105zku z danymi osobowymi<\/h2><p>Maj\u0105 Pa\u0144stwo prawo (z zastrze\u017ceniem obowi\u0105zuj\u0105cych przepis\u00f3w prawa) m.in. (i) sprawdzi\u0107, czy i jakie dane osobowe przechowujemy na Pa\u0144stwa temat oraz uzyska\u0107 kopie takich danych, (ii) za\u017c\u0105da\u0107 sprostowania, scalenia lub usuni\u0119cia Pa\u0144stwa danych osobowych, kt\u00f3re s\u0105 niedok\u0142adne lub nie s\u0105 przetwarzane zgodnie z prawem, (iii) za\u017c\u0105da\u0107 od nas, (iv) w pewnych okoliczno\u015bciach sprzeciwi\u0107 si\u0119 przetwarzaniu Pa\u0144stwa danych osobowych lub wycofa\u0107 zgod\u0119 udzielon\u0105 wcze\u015bniej na przetwarzanie, (v) za\u017c\u0105da\u0107 przeniesienia danych, (vi) pozna\u0107 to\u017csamo\u015b\u0107 os\u00f3b trzecich, kt\u00f3rym przekazywane s\u0105 Pa\u0144stwa dane osobowe oraz (vii) z\u0142o\u017cy\u0107 skarg\u0119 do w\u0142a\u015bciwego organu.<\/p><p>W Austrii w\u0142a\u015bciwym organem nadzorczym jest urz\u0105d ochrony danych, kt\u00f3rego strona internetowa znajduje si\u0119 pod adresem https:\/\/www.dsb.gv.at\/.<\/p><h2>Analiza internetowa<\/h2><p>Nasza strona internetowa wykorzystuje funkcje us\u0142ugi analizy internetowej Google Analytics. Specjalnie w tym celu stosowane s\u0105 pliki cookie, kt\u00f3re umo\u017cliwiaj\u0105 analiz\u0119 korzystania z witryny przez Pa\u0144stwa u\u017cytkownik\u00f3w. Wygenerowane w ten spos\u00f3b informacje s\u0105 przekazywane na serwer dostawcy i tam przechowywane. Informacje o warunkach u\u017cytkowania i ochronie danych mo\u017cna znale\u017a\u0107 tutaj:<\/p><p><a href=\"https:\/\/www.google.com\/analytics\/terms\/de.html\">https:\/\/www.google.com\/analytics\/terms\/de.html<\/a><br \/><a href=\"https:\/\/support.google.com\/analytics\/answer\/6004245?hl=de\">https:\/\/support.google.com\/analytics\/answer\/6004245?hl=de<\/a><\/p><div data-borlabs-cookie-btn-switch-consent class=\"brlbs-cmpnt-container\"\n        data-borlabs-cookie-title=\"Google Analytics\"\n        data-borlabs-cookie-service-id=\"google-analytics\"><\/div><p>Dane u\u017cytkownika s\u0105 anonimizowane, co oznacza, \u017ce mo\u017cliwa jest jedynie przybli\u017cona lokalizacja. Przetwarzanie danych odbywa si\u0119 na podstawie przepis\u00f3w prawnych \u00a7 96 ust. 3 TKG oraz art. 6 ust. 1 lit. a (zgoda) i\/lub f (uzasadniony interes) DSGVO.<\/p><p>Mo\u017cna temu zapobiec, ustawiaj\u0105c przegl\u0105dark\u0119 tak, aby nie zapisywa\u0142a plik\u00f3w cookie lub instaluj\u0105c wtyczki do przegl\u0105darki udost\u0119pniane przez Google, kt\u00f3re zapobiegaj\u0105 gromadzeniu i przetwarzaniu danych: <a href=\"https:\/\/tools.google.com\/dlpage\/gaoptout?hl=de\">https:\/\/tools.google.com\/dlpage\/gaoptout?hl=de<\/a><\/p><p>Stosunek z dostawc\u0105 us\u0142ug analizy internetowej opiera si\u0119 na decyzji adekwatno\u015bci Komisji Europejskiej (np. w przypadku USA: &#8222;Privacy Shield&#8221;).<\/p><h2>Kontakt<\/h2><p>W przypadku pyta\u0144 lub w\u0105tpliwo\u015bci dotycz\u0105cych przetwarzania Twoich danych osobowych, prosimy o kontakt:<\/p><p>uridan waterless solutions GmbH<br \/>Sandfeld 5<br \/>A-2100 Stetten<br \/>office@uridan.com<\/p><p>Ostatnia aktualizacja 2022.<\/p><\/div><\/div>\t\t\t\t\t\t\t\t<\/div>\n\t\t\t\t<\/div>\n\t\t\t\t<\/div>\n\t\t\t\t\t<\/div>\n\t\t\t\t<\/div>\n\t\t\t\t<\/div>\n\t\t","protected":false},"excerpt":{"rendered":"<p>Ochrona danych uridan\u00ae waterless solutions Ta strona jest prowadzona przez uridan waterless solutions GmbHSandfeld 5A-2100 Stetten Niniejsze zawiadomienie opisuje, w jaki spos\u00f3b my, jako administrator danych, przetwarzamy Pa\u0144stwa dane osobowe w zwi\u0105zku z niniejsz\u0105 stron\u0105 internetow\u0105 zgodnie z wymogami unijnego rozporz\u0105dzenia o ochronie danych (EU GDPR). Ochrona Pa\u0144stwa danych osobowych jest dla nas przedmiotem szczeg\u00f3lnej [&hellip;]<\/p>\n","protected":false},"author":2,"featured_media":11679,"parent":0,"menu_order":0,"comment_status":"closed","ping_status":"closed","template":"","meta":{"_acf_changed":false,"_monsterinsights_skip_tracking":false,"_monsterinsights_sitenote_active":false,"_monsterinsights_sitenote_note":"","_monsterinsights_sitenote_category":0,"footnotes":""},"class_list":["post-11989","page","type-page","status-publish","has-post-thumbnail","hentry"],"acf":[],"yoast_head":"<!-- This site is optimized with the Yoast SEO plugin v27.4 - https:\/\/yoast.com\/product\/yoast-seo-wordpress\/ -->\n<title>Ochrona danych - uridan\u00ae waterless solutions<\/title>\n<meta name=\"robots\" content=\"index, follow, max-snippet:-1, max-image-preview:large, max-video-preview:-1\" \/>\n<link rel=\"canonical\" href=\"https:\/\/uridan.com\/pl\/ochrona-danych\/\" \/>\n<meta property=\"og:locale\" content=\"pl_PL\" \/>\n<meta property=\"og:type\" content=\"article\" \/>\n<meta property=\"og:title\" content=\"Ochrona danych - uridan\u00ae waterless solutions\" \/>\n<meta property=\"og:description\" content=\"Ochrona danych uridan\u00ae waterless solutions Ta strona jest prowadzona przez uridan waterless solutions GmbHSandfeld 5A-2100 Stetten Niniejsze zawiadomienie opisuje, w jaki spos\u00f3b my, jako administrator danych, przetwarzamy Pa\u0144stwa dane osobowe w zwi\u0105zku z niniejsz\u0105 stron\u0105 internetow\u0105 zgodnie z wymogami unijnego rozporz\u0105dzenia o ochronie danych (EU GDPR). Ochrona Pa\u0144stwa danych osobowych jest dla nas przedmiotem szczeg\u00f3lnej [&hellip;]\" \/>\n<meta property=\"og:url\" content=\"https:\/\/uridan.com\/pl\/ochrona-danych\/\" \/>\n<meta property=\"og:site_name\" content=\"uridan\u00ae waterless solutions\" \/>\n<meta property=\"article:publisher\" content=\"https:\/\/www.facebook.com\/uridanwaterlesssolutions\/\" \/>\n<meta property=\"article:modified_time\" content=\"2026-02-12T13:12:10+00:00\" \/>\n<meta property=\"og:image\" content=\"https:\/\/uridan.com\/wp-content\/uploads\/2022\/10\/modelle-urinal-menu-min.jpg\" \/>\n\t<meta property=\"og:image:width\" content=\"2500\" \/>\n\t<meta property=\"og:image:height\" content=\"1661\" \/>\n\t<meta property=\"og:image:type\" content=\"image\/jpeg\" \/>\n<meta name=\"twitter:card\" content=\"summary_large_image\" \/>\n<meta name=\"twitter:label1\" content=\"Szacowany czas czytania\" \/>\n\t<meta name=\"twitter:data1\" content=\"7 minut\" \/>\n<script type=\"application\/ld+json\" class=\"yoast-schema-graph\">{\"@context\":\"https:\\\/\\\/schema.org\",\"@graph\":[{\"@type\":\"WebPage\",\"@id\":\"https:\\\/\\\/uridan.com\\\/pl\\\/ochrona-danych\\\/\",\"url\":\"https:\\\/\\\/uridan.com\\\/pl\\\/ochrona-danych\\\/\",\"name\":\"Ochrona danych - uridan\u00ae waterless solutions\",\"isPartOf\":{\"@id\":\"https:\\\/\\\/uridan.com\\\/pl\\\/#website\"},\"primaryImageOfPage\":{\"@id\":\"https:\\\/\\\/uridan.com\\\/pl\\\/ochrona-danych\\\/#primaryimage\"},\"image\":{\"@id\":\"https:\\\/\\\/uridan.com\\\/pl\\\/ochrona-danych\\\/#primaryimage\"},\"thumbnailUrl\":\"https:\\\/\\\/uridan.com\\\/wp-content\\\/uploads\\\/2022\\\/10\\\/modelle-urinal-menu-min.jpg\",\"datePublished\":\"2023-04-05T21:06:26+00:00\",\"dateModified\":\"2026-02-12T13:12:10+00:00\",\"breadcrumb\":{\"@id\":\"https:\\\/\\\/uridan.com\\\/pl\\\/ochrona-danych\\\/#breadcrumb\"},\"inLanguage\":\"pl-PL\",\"potentialAction\":[{\"@type\":\"ReadAction\",\"target\":[\"https:\\\/\\\/uridan.com\\\/pl\\\/ochrona-danych\\\/\"]}]},{\"@type\":\"ImageObject\",\"inLanguage\":\"pl-PL\",\"@id\":\"https:\\\/\\\/uridan.com\\\/pl\\\/ochrona-danych\\\/#primaryimage\",\"url\":\"https:\\\/\\\/uridan.com\\\/wp-content\\\/uploads\\\/2022\\\/10\\\/modelle-urinal-menu-min.jpg\",\"contentUrl\":\"https:\\\/\\\/uridan.com\\\/wp-content\\\/uploads\\\/2022\\\/10\\\/modelle-urinal-menu-min.jpg\",\"width\":2500,\"height\":1661},{\"@type\":\"BreadcrumbList\",\"@id\":\"https:\\\/\\\/uridan.com\\\/pl\\\/ochrona-danych\\\/#breadcrumb\",\"itemListElement\":[{\"@type\":\"ListItem\",\"position\":1,\"name\":\"Startseite\",\"item\":\"https:\\\/\\\/uridan.com\\\/pl\\\/\"},{\"@type\":\"ListItem\",\"position\":2,\"name\":\"Ochrona danych\"}]},{\"@type\":\"WebSite\",\"@id\":\"https:\\\/\\\/uridan.com\\\/pl\\\/#website\",\"url\":\"https:\\\/\\\/uridan.com\\\/pl\\\/\",\"name\":\"uridan\u00ae waterless solutions\",\"description\":\"wasserlose Urinale\",\"publisher\":{\"@id\":\"https:\\\/\\\/uridan.com\\\/pl\\\/#organization\"},\"alternateName\":\"wasserlose Urinalsysteme\",\"potentialAction\":[{\"@type\":\"SearchAction\",\"target\":{\"@type\":\"EntryPoint\",\"urlTemplate\":\"https:\\\/\\\/uridan.com\\\/pl\\\/?s={search_term_string}\"},\"query-input\":{\"@type\":\"PropertyValueSpecification\",\"valueRequired\":true,\"valueName\":\"search_term_string\"}}],\"inLanguage\":\"pl-PL\"},{\"@type\":\"Organization\",\"@id\":\"https:\\\/\\\/uridan.com\\\/pl\\\/#organization\",\"name\":\"uridan waterless solutions GmbH\",\"alternateName\":\"wasserlose Urinale\",\"url\":\"https:\\\/\\\/uridan.com\\\/pl\\\/\",\"logo\":{\"@type\":\"ImageObject\",\"inLanguage\":\"pl-PL\",\"@id\":\"https:\\\/\\\/uridan.com\\\/pl\\\/#\\\/schema\\\/logo\\\/image\\\/\",\"url\":\"https:\\\/\\\/uridan.com\\\/wp-content\\\/uploads\\\/2022\\\/05\\\/uridan_logo_2021.png\",\"contentUrl\":\"https:\\\/\\\/uridan.com\\\/wp-content\\\/uploads\\\/2022\\\/05\\\/uridan_logo_2021.png\",\"width\":2000,\"height\":705,\"caption\":\"uridan waterless solutions GmbH\"},\"image\":{\"@id\":\"https:\\\/\\\/uridan.com\\\/pl\\\/#\\\/schema\\\/logo\\\/image\\\/\"},\"sameAs\":[\"https:\\\/\\\/www.facebook.com\\\/uridanwaterlesssolutions\\\/\",\"https:\\\/\\\/www.instagram.com\\\/uridanwaterlesssolutions\\\/\",\"https:\\\/\\\/www.youtube.com\\\/channel\\\/UCSJEOm1IYOjs014WIxsVfJA\"]}]}<\/script>\n<!-- \/ Yoast SEO plugin. -->","yoast_head_json":{"title":"Ochrona danych - uridan\u00ae waterless solutions","robots":{"index":"index","follow":"follow","max-snippet":"max-snippet:-1","max-image-preview":"max-image-preview:large","max-video-preview":"max-video-preview:-1"},"canonical":"https:\/\/uridan.com\/pl\/ochrona-danych\/","og_locale":"pl_PL","og_type":"article","og_title":"Ochrona danych - uridan\u00ae waterless solutions","og_description":"Ochrona danych uridan\u00ae waterless solutions Ta strona jest prowadzona przez uridan waterless solutions GmbHSandfeld 5A-2100 Stetten Niniejsze zawiadomienie opisuje, w jaki spos\u00f3b my, jako administrator danych, przetwarzamy Pa\u0144stwa dane osobowe w zwi\u0105zku z niniejsz\u0105 stron\u0105 internetow\u0105 zgodnie z wymogami unijnego rozporz\u0105dzenia o ochronie danych (EU GDPR). Ochrona Pa\u0144stwa danych osobowych jest dla nas przedmiotem szczeg\u00f3lnej [&hellip;]","og_url":"https:\/\/uridan.com\/pl\/ochrona-danych\/","og_site_name":"uridan\u00ae waterless solutions","article_publisher":"https:\/\/www.facebook.com\/uridanwaterlesssolutions\/","article_modified_time":"2026-02-12T13:12:10+00:00","og_image":[{"width":2500,"height":1661,"url":"https:\/\/uridan.com\/wp-content\/uploads\/2022\/10\/modelle-urinal-menu-min.jpg","type":"image\/jpeg"}],"twitter_card":"summary_large_image","twitter_misc":{"Szacowany czas czytania":"7 minut"},"schema":{"@context":"https:\/\/schema.org","@graph":[{"@type":"WebPage","@id":"https:\/\/uridan.com\/pl\/ochrona-danych\/","url":"https:\/\/uridan.com\/pl\/ochrona-danych\/","name":"Ochrona danych - uridan\u00ae waterless solutions","isPartOf":{"@id":"https:\/\/uridan.com\/pl\/#website"},"primaryImageOfPage":{"@id":"https:\/\/uridan.com\/pl\/ochrona-danych\/#primaryimage"},"image":{"@id":"https:\/\/uridan.com\/pl\/ochrona-danych\/#primaryimage"},"thumbnailUrl":"https:\/\/uridan.com\/wp-content\/uploads\/2022\/10\/modelle-urinal-menu-min.jpg","datePublished":"2023-04-05T21:06:26+00:00","dateModified":"2026-02-12T13:12:10+00:00","breadcrumb":{"@id":"https:\/\/uridan.com\/pl\/ochrona-danych\/#breadcrumb"},"inLanguage":"pl-PL","potentialAction":[{"@type":"ReadAction","target":["https:\/\/uridan.com\/pl\/ochrona-danych\/"]}]},{"@type":"ImageObject","inLanguage":"pl-PL","@id":"https:\/\/uridan.com\/pl\/ochrona-danych\/#primaryimage","url":"https:\/\/uridan.com\/wp-content\/uploads\/2022\/10\/modelle-urinal-menu-min.jpg","contentUrl":"https:\/\/uridan.com\/wp-content\/uploads\/2022\/10\/modelle-urinal-menu-min.jpg","width":2500,"height":1661},{"@type":"BreadcrumbList","@id":"https:\/\/uridan.com\/pl\/ochrona-danych\/#breadcrumb","itemListElement":[{"@type":"ListItem","position":1,"name":"Startseite","item":"https:\/\/uridan.com\/pl\/"},{"@type":"ListItem","position":2,"name":"Ochrona danych"}]},{"@type":"WebSite","@id":"https:\/\/uridan.com\/pl\/#website","url":"https:\/\/uridan.com\/pl\/","name":"uridan\u00ae waterless solutions","description":"wasserlose Urinale","publisher":{"@id":"https:\/\/uridan.com\/pl\/#organization"},"alternateName":"wasserlose Urinalsysteme","potentialAction":[{"@type":"SearchAction","target":{"@type":"EntryPoint","urlTemplate":"https:\/\/uridan.com\/pl\/?s={search_term_string}"},"query-input":{"@type":"PropertyValueSpecification","valueRequired":true,"valueName":"search_term_string"}}],"inLanguage":"pl-PL"},{"@type":"Organization","@id":"https:\/\/uridan.com\/pl\/#organization","name":"uridan waterless solutions GmbH","alternateName":"wasserlose Urinale","url":"https:\/\/uridan.com\/pl\/","logo":{"@type":"ImageObject","inLanguage":"pl-PL","@id":"https:\/\/uridan.com\/pl\/#\/schema\/logo\/image\/","url":"https:\/\/uridan.com\/wp-content\/uploads\/2022\/05\/uridan_logo_2021.png","contentUrl":"https:\/\/uridan.com\/wp-content\/uploads\/2022\/05\/uridan_logo_2021.png","width":2000,"height":705,"caption":"uridan waterless solutions GmbH"},"image":{"@id":"https:\/\/uridan.com\/pl\/#\/schema\/logo\/image\/"},"sameAs":["https:\/\/www.facebook.com\/uridanwaterlesssolutions\/","https:\/\/www.instagram.com\/uridanwaterlesssolutions\/","https:\/\/www.youtube.com\/channel\/UCSJEOm1IYOjs014WIxsVfJA"]}]}},"_links":{"self":[{"href":"https:\/\/uridan.com\/pl\/wp-json\/wp\/v2\/pages\/11989","targetHints":{"allow":["GET"]}}],"collection":[{"href":"https:\/\/uridan.com\/pl\/wp-json\/wp\/v2\/pages"}],"about":[{"href":"https:\/\/uridan.com\/pl\/wp-json\/wp\/v2\/types\/page"}],"author":[{"embeddable":true,"href":"https:\/\/uridan.com\/pl\/wp-json\/wp\/v2\/users\/2"}],"replies":[{"embeddable":true,"href":"https:\/\/uridan.com\/pl\/wp-json\/wp\/v2\/comments?post=11989"}],"version-history":[{"count":17,"href":"https:\/\/uridan.com\/pl\/wp-json\/wp\/v2\/pages\/11989\/revisions"}],"predecessor-version":[{"id":19556,"href":"https:\/\/uridan.com\/pl\/wp-json\/wp\/v2\/pages\/11989\/revisions\/19556"}],"wp:featuredmedia":[{"embeddable":true,"href":"https:\/\/uridan.com\/pl\/wp-json\/wp\/v2\/media\/11679"}],"wp:attachment":[{"href":"https:\/\/uridan.com\/pl\/wp-json\/wp\/v2\/media?parent=11989"}],"curies":[{"name":"wp","href":"https:\/\/api.w.org\/{rel}","templated":true}]}}