{"id":14211,"date":"2024-01-11T13:21:47","date_gmt":"2024-01-11T12:21:47","guid":{"rendered":"https:\/\/uridan.com\/?page_id=14211"},"modified":"2026-02-12T14:58:39","modified_gmt":"2026-02-12T13:58:39","slug":"zastita-podataka","status":"publish","type":"page","link":"https:\/\/uridan.com\/hr\/zastita-podataka\/","title":{"rendered":"Za\u0161tita podataka"},"content":{"rendered":"\t\t<div data-elementor-type=\"wp-page\" data-elementor-id=\"14211\" class=\"elementor elementor-14211 elementor-10348\" data-elementor-post-type=\"page\">\n\t\t\t\t<div class=\"elementor-element elementor-element-a7a7283 e-flex e-con-boxed e-con e-parent\" data-id=\"a7a7283\" data-element_type=\"container\" data-e-type=\"container\" data-settings=\"{&quot;background_background&quot;:&quot;classic&quot;,&quot;shape_divider_bottom&quot;:&quot;waves&quot;}\">\n\t\t\t\t\t<div class=\"e-con-inner\">\n\t\t\t\t<div class=\"elementor-shape elementor-shape-bottom\" aria-hidden=\"true\" data-negative=\"false\">\n\t\t\t<svg xmlns=\"http:\/\/www.w3.org\/2000\/svg\" viewBox=\"0 0 1000 100\" preserveAspectRatio=\"none\">\n\t<path class=\"elementor-shape-fill\" d=\"M421.9,6.5c22.6-2.5,51.5,0.4,75.5,5.3c23.6,4.9,70.9,23.5,100.5,35.7c75.8,32.2,133.7,44.5,192.6,49.7\n\tc23.6,2.1,48.7,3.5,103.4-2.5c54.7-6,106.2-25.6,106.2-25.6V0H0v30.3c0,0,72,32.6,158.4,30.5c39.2-0.7,92.8-6.7,134-22.4\n\tc21.2-8.1,52.2-18.2,79.7-24.2C399.3,7.9,411.6,7.5,421.9,6.5z\"\/>\n<\/svg>\t\t<\/div>\n\t\t<div class=\"elementor-element elementor-element-1ceca4b e-con-full e-flex e-con e-child\" data-id=\"1ceca4b\" data-element_type=\"container\" data-e-type=\"container\">\n\t\t\t\t<div class=\"elementor-element elementor-element-9a16e30 elementor-widget elementor-widget-heading\" data-id=\"9a16e30\" data-element_type=\"widget\" data-e-type=\"widget\" data-widget_type=\"heading.default\">\n\t\t\t\t<div class=\"elementor-widget-container\">\n\t\t\t\t\t<h2 class=\"elementor-heading-title elementor-size-default\">Za\u0161tita podataka<\/h2>\t\t\t\t<\/div>\n\t\t\t\t<\/div>\n\t\t\t\t<div class=\"elementor-element elementor-element-549dbd5 elementor-widget-divider--view-line elementor-widget elementor-widget-divider\" data-id=\"549dbd5\" data-element_type=\"widget\" data-e-type=\"widget\" data-widget_type=\"divider.default\">\n\t\t\t\t<div class=\"elementor-widget-container\">\n\t\t\t\t\t\t\t<div class=\"elementor-divider\">\n\t\t\t<span class=\"elementor-divider-separator\">\n\t\t\t\t\t\t<\/span>\n\t\t<\/div>\n\t\t\t\t\t\t<\/div>\n\t\t\t\t<\/div>\n\t\t\t\t<div class=\"elementor-element elementor-element-3c96877 elementor-widget elementor-widget-heading\" data-id=\"3c96877\" data-element_type=\"widget\" data-e-type=\"widget\" data-widget_type=\"heading.default\">\n\t\t\t\t<div class=\"elementor-widget-container\">\n\t\t\t\t\t<h4 class=\"elementor-heading-title elementor-size-default\">uridan\u00ae waterless solutions<\/h4>\t\t\t\t<\/div>\n\t\t\t\t<\/div>\n\t\t\t\t<\/div>\n\t\t\t\t\t<\/div>\n\t\t\t\t<\/div>\n\t\t<div class=\"elementor-element elementor-element-12863f1 e-flex e-con-boxed e-con e-parent\" data-id=\"12863f1\" data-element_type=\"container\" data-e-type=\"container\">\n\t\t\t\t\t<div class=\"e-con-inner\">\n\t\t<div class=\"elementor-element elementor-element-f08a981 e-con-full e-flex e-con e-child\" data-id=\"f08a981\" data-element_type=\"container\" data-e-type=\"container\">\n\t\t\t\t<div class=\"elementor-element elementor-element-317bba2 elementor-widget elementor-widget-text-editor\" data-id=\"317bba2\" data-element_type=\"widget\" data-e-type=\"widget\" data-widget_type=\"text-editor.default\">\n\t\t\t\t<div class=\"elementor-widget-container\">\n\t\t\t\t\t\t\t\t\t<div><p>Ovu web stranicu vodi<\/p><p>uridan waterless solutions GmbH<br \/>Sandfeld 5<br \/>A-2100 Stetten<\/p><p>operiran. Ova obavijest opisuje kako mi, kao voditelj obrade podataka, obra\u0111ujemo va\u0161e osobne podatke u vezi s ovim web mjestom u skladu sa zahtjevima Op\u0107e uredbe o za\u0161titi podataka EU (EU GDPR). Posebno nam je va\u017ena za\u0161tita Va\u0161ih osobnih podataka. Va\u0161e podatke stoga obra\u0111ujemo isklju\u010divo na temelju zakonskih odredbi (GDPR, TKG 2003). U ovim informacijama o za\u0161titi podataka informiramo vas o najva\u017enijim aspektima obrade podataka na na\u0161oj web stranici.<\/p><h2>Koje podatke o vama obra\u0111ujemo<\/h2><p>Kada posjetite ovu web stranicu, prikupljaju se sljede\u0107e informacije: datum i vrijeme kada ste pristupili stranici na na\u0161oj web stranici, va\u0161a IP adresa, naziv i verzija va\u0161eg web preglednika, web stranica (URL) koju ste posjetili prije nego \u0161to ste pristupili ovoj web stranici. , odre\u0111ene kola\u010di\u0107e (vidi to\u010dku \u201cKola\u010di\u0107i\u201d) i informacije koje sami dajete svojim unosima.<\/p><p>U kontakt formi prodajnog partnera<\/p><p>Ne postoji obveza stvarnog pru\u017eanja bilo kakvih podataka koje od vas mo\u017eemo tra\u017eiti na na\u0161oj web stranici. Me\u0111utim, ako to ne u\u010dinite, mo\u017ee do\u0107i do funkcionalnih ograni\u010denja prilikom kori\u0161tenja web stranice.<\/p><p>Ove podatke ne koristimo i op\u0107enito ih ne proslje\u0111ujemo. Nadalje, ne provodi se redovito profiliranje ili sli\u010dna procjena va\u0161ih podataka. Va\u0161i podaci \u0107e biti proslije\u0111eni samo uz va\u0161 pristanak i samo u svrhu (obrada narud\u017ebe kupca, narud\u017eba, dostava i sl.).<\/p><h2>\u0160ifrirani prijenos podataka<\/h2><p>Koristimo https s TLS (Transport Layer Security) enkripcijom za prijenos podataka na internetu na siguran na\u010din. Kori\u0161tenjem TLS-a mo\u017eemo osigurati siguran prijenos povjerljivih podataka. Kori\u0161tenje https\/TLS-a u pregledniku mo\u017eete prepoznati po malom simbolu lokota i prefiksu https na po\u010detku adrese web stranice.<\/p><h2>Kontaktirajte nas<\/h2><p>Ako nas kontaktirate putem obrasca na web stranici ili putem e-po\u0161te, podatke koje nam dostavite pohranit \u0107emo 3 godine u svrhu obrade va\u0161eg zahtjeva i u slu\u010daju naknadnih pitanja. Ove podatke ne\u0107emo proslijediti bez va\u0161eg pristanka.<\/p><p>Ako nam po\u0161aljete osobne podatke putem e-po\u0161te, ne mo\u017eemo jam\u010diti siguran prijenos i za\u0161titu va\u0161ih podataka. Stoga preporu\u010dujemo da povjerljive podatke ne \u0161aljete nekriptirane putem e-po\u0161te.<\/p><h2>Kola\u010di\u0107i<\/h2><p>Na ovoj web stranici koriste se takozvani kola\u010di\u0107i. Kola\u010di\u0107 je datoteka koja mo\u017ee biti pohranjena na va\u0161em ra\u010dunalu kada posjetite web stranicu. U osnovi, kola\u010di\u0107i se koriste kako bi korisnicima pru\u017eili dodatnu funkcionalnost na web-mjestu (npr. olak\u0161avanje kretanja web-mjestom, nastavak kori\u0161tenja web-mjesta gdje ste ga ostavili i\/ili spremanje va\u0161ih preferencija i postavki kada ponovno posjetite web-mjesto). Kola\u010di\u0107i ne mogu pristupiti, \u010ditati ili mijenjati bilo koje druge podatke na va\u0161em ra\u010dunalu.<\/p><p>Ve\u0107ina kola\u010di\u0107a na ovoj web stranici su takozvani sesijski kola\u010di\u0107i. Bit \u0107e automatski izbrisani kada napustite na\u0161u web stranicu. S druge strane, trajni kola\u010di\u0107i ostaju na va\u0161em ra\u010dunalu dok ih ru\u010dno ne izbri\u0161ete u pregledniku. Koristimo takve trajne kola\u010di\u0107e kako bismo vas prepoznali sljede\u0107i put kada posjetite na\u0161u web stranicu.<\/p><p>Ako \u017eelite kontrolirati kola\u010di\u0107e na svom ra\u010dunalu, mo\u017eete odabrati postavke preglednika tako da primite obavijest kada web stranica \u017eeli pohraniti kola\u010di\u0107e. Tako\u0111er mo\u017eete blokirati ili izbrisati kola\u010di\u0107e ako su ve\u0107 pohranjeni na va\u0161em ra\u010dunalu. Ako su kola\u010di\u0107i deaktivirani, funkcionalnost na\u0161e web stranice mo\u017ee biti ograni\u010dena.<\/p><\/div><span class=\"borlabs-cookie-open-dialog-preferences brlbs-cmpnt-container\" data-borlabs-cookie-title=\"Cookie Einstellungen\" data-borlabs-cookie-type=\"button\" ><\/span><div><h2>Svrhe obrade podataka<\/h2><p>Va\u0161e osobne podatke obra\u0111ujemo u sljede\u0107e svrhe:<\/p><ul><li>kako bismo vam pru\u017eili ovu web stranicu i kako bismo je dodatno pobolj\u0161ali i razvili<\/li><li>kako bi mogli izraditi statistiku kori\u0161tenja<\/li><li>za otkrivanje, sprje\u010davanje i istra\u017eivanje napada na na\u0161u web stranicu<\/li><li>da odgovorimo na va\u0161e upite<\/li><\/ul><p>Kada nas kontaktirate putem na\u0161eg web obrasca za prodajne partnere, mi koristimo navedene podatke za obradu svih potrebnih formalnosti za registraciju kao prodajni partner.<\/p><h2>Pravna osnova za obradu<\/h2><p>Pravna osnova za obradu Va\u0161ih osobnih podataka je na\u0161 prevladavaju\u0107i legitimni interes (sukladno \u010dlanku 6. stavak 1. to\u010dka f Op\u0107e uredbe o za\u0161titi podataka EU), koji se sastoji u postizanju gore navedenih svrha.<\/p><h2>Prijenos va\u0161ih osobnih podataka<\/h2><p>U gore navedene svrhe, prenijet \u0107emo va\u0161e osobne podatke pru\u017eateljima IT usluga koje koristimo, posebno pru\u017eateljima CRM usluga, logisti\u010dkim partnerima i drugim tvrtkama \u010dija je uklju\u010denost neophodna za obradu na\u0161eg poslovnog odnosa s vama.<\/p><p>Neki od gore spomenutih primatelja mogu se nalaziti izvan va\u0161e zemlje ili mogu tamo obra\u0111ivati \u200b\u200bva\u0161e osobne podatke. Razina za\u0161tite podataka u drugim zemljama mo\u017eda nije ista kao u va\u0161oj zemlji. No, va\u0161e osobne podatke prenosimo samo u zemlje za koje je Komisija EU-a odlu\u010dila da imaju odgovaraju\u0107u razinu za\u0161tite podataka ili poduzimamo mjere kako bismo osigurali da svi primatelji imaju odgovaraju\u0107u razinu za\u0161tite podataka. U tu svrhu, primjerice, sklapamo standardne ugovorne klauzule (2010\/87\/EC i\/ili 2004\/915\/EC).<\/p><h2>Va\u0161a prava u vezi s osobnim podacima<\/h2><p>Imate pravo, izme\u0111u ostalog, (u skladu sa zahtjevima primjenjivog zakona) (i) provjeriti jesmo li i koje osobne podatke o vama pohranili i primiti kopije tih podataka, (ii) ispraviti, dopuniti ili izbrisati svoje osobne podatke, koji su neto\u010dni ili se ne obra\u0111uju u skladu sa zakonom, (iii) zahtijevati od nas da ograni\u010dimo obradu va\u0161ih osobnih podataka i (iv) usprotiviti se obradi va\u0161ih osobnih podataka u odre\u0111enim okolnostima ili povu\u0107i privolu prethodno dane za obradu povu\u0107i svoj pristanak, (v) zatra\u017eiti prenosivost podataka, (vi) znati identitet tre\u0107ih strana kojima se va\u0161i osobni podaci prenose i (vii) podnijeti pritu\u017ebu nadle\u017enom tijelu.<\/p><p>U Austriji je nadle\u017eno nadzorno tijelo tijelo za za\u0161titu podataka \u010dije se web stranice mogu prona\u0107i na https:\/\/www.dsb.gv.at\/.<\/p><h2>Web analitika<\/h2><p>Na\u0161a web stranica koristi funkcije usluge web analize Google Analytics. Kola\u010di\u0107i se posebno koriste u tu svrhu, omogu\u0107uju\u0107i analizu na\u010dina na koji va\u0161i korisnici koriste web stranicu. Ovako generirane informacije prenose se na poslu\u017eitelj pru\u017eatelja usluga i tamo se pohranjuju. Informacije o uvjetima kori\u0161tenja i za\u0161titi podataka mo\u017eete prona\u0107i ovdje:<\/p><p><a href=\"https:\/\/www.google.com\/analytics\/terms\/de.html\">https:\/\/www.google.com\/analytics\/terms\/de.html<\/a><br \/><a href=\"https:\/\/support.google.com\/analytics\/answer\/6004245?hl=de\">https:\/\/support.google.com\/analytics\/answer\/6004245?hl=de<\/a><\/p><div data-borlabs-cookie-btn-switch-consent class=\"brlbs-cmpnt-container\"\n        data-borlabs-cookie-title=\"Google Analytics\"\n        data-borlabs-cookie-service-id=\"google-analytics\"><\/div><p>Korisni\u010dki podaci su anonimizirani, \u0161to zna\u010di da je mogu\u0107a samo gruba lokalizacija. Obrada podataka provodi se na temelju zakonskih odredbi \u010dlanka 96. stavka 3. TKG i \u010dlanka 6. stavka 1. to\u010dke a (pristanak) i\/ili f (legitimni interes) GDPR-a.<\/p><p>To mo\u017eete sprije\u010diti postavljanjem preglednika tako da se kola\u010di\u0107i ne pohranjuju ili instaliranjem dodataka preglednika koje pru\u017ea Google kako biste sprije\u010dili prikupljanje i obradu podataka:<\/p><p><a href=\"https:\/\/tools.google.com\/dlpage\/gaoptout?hl=de\">https:\/\/tools.google.com\/dlpage\/gaoptout?hl=de<\/a><\/p><p>Odnos s pru\u017eateljem web analize temelji se na odluci Europske komisije o primjerenosti (npr. u slu\u010daju SAD-a: &#8220;Privacy Shield&#8221;).<\/p><h2>Kontakt<\/h2><p>Ako imate pitanja ili nedoumica u vezi s obradom Va\u0161ih osobnih podataka, obratite nam se:<\/p><p>uridan waterless solutions GmbH<br \/>Sandfeld 5<br \/>A-2100 Stetten<br \/>office@uridan.com<\/p><p>Zadnje a\u017euriranje 2024.<\/p><\/div>\t\t\t\t\t\t\t\t<\/div>\n\t\t\t\t<\/div>\n\t\t\t\t<\/div>\n\t\t\t\t\t<\/div>\n\t\t\t\t<\/div>\n\t\t\t\t<\/div>\n\t\t","protected":false},"excerpt":{"rendered":"<p>Za\u0161tita podataka uridan\u00ae waterless solutions Ovu web stranicu vodi uridan waterless solutions GmbHSandfeld 5A-2100 Stetten operiran. Ova obavijest opisuje kako mi, kao voditelj obrade podataka, obra\u0111ujemo va\u0161e osobne podatke u vezi s ovim web mjestom u skladu sa zahtjevima Op\u0107e uredbe o za\u0161titi podataka EU (EU GDPR). Posebno nam je va\u017ena za\u0161tita Va\u0161ih osobnih podataka. [&hellip;]<\/p>\n","protected":false},"author":2,"featured_media":0,"parent":0,"menu_order":0,"comment_status":"closed","ping_status":"closed","template":"","meta":{"_acf_changed":false,"_monsterinsights_skip_tracking":false,"_monsterinsights_sitenote_active":false,"_monsterinsights_sitenote_note":"","_monsterinsights_sitenote_category":0,"footnotes":""},"class_list":["post-14211","page","type-page","status-publish","hentry"],"acf":[],"yoast_head":"<!-- This site is optimized with the Yoast SEO plugin v27.5 - https:\/\/yoast.com\/product\/yoast-seo-wordpress\/ -->\n<title>Za\u0161tita podataka - uridan\u00ae waterless solutions<\/title>\n<meta name=\"robots\" content=\"index, follow, max-snippet:-1, max-image-preview:large, max-video-preview:-1\" \/>\n<link rel=\"canonical\" href=\"https:\/\/uridan.com\/hr\/zastita-podataka\/\" \/>\n<meta property=\"og:locale\" content=\"hr_HR\" \/>\n<meta property=\"og:type\" content=\"article\" \/>\n<meta property=\"og:title\" content=\"Za\u0161tita podataka - uridan\u00ae waterless solutions\" \/>\n<meta property=\"og:description\" content=\"Za\u0161tita podataka uridan\u00ae waterless solutions Ovu web stranicu vodi uridan waterless solutions GmbHSandfeld 5A-2100 Stetten operiran. Ova obavijest opisuje kako mi, kao voditelj obrade podataka, obra\u0111ujemo va\u0161e osobne podatke u vezi s ovim web mjestom u skladu sa zahtjevima Op\u0107e uredbe o za\u0161titi podataka EU (EU GDPR). Posebno nam je va\u017ena za\u0161tita Va\u0161ih osobnih podataka. [&hellip;]\" \/>\n<meta property=\"og:url\" content=\"https:\/\/uridan.com\/hr\/zastita-podataka\/\" \/>\n<meta property=\"og:site_name\" content=\"uridan\u00ae waterless solutions\" \/>\n<meta property=\"article:publisher\" content=\"https:\/\/www.facebook.com\/uridanwaterlesssolutions\/\" \/>\n<meta property=\"article:modified_time\" content=\"2026-02-12T13:58:39+00:00\" \/>\n<meta name=\"twitter:card\" content=\"summary_large_image\" \/>\n<meta name=\"twitter:label1\" content=\"Est. reading time\" \/>\n\t<meta name=\"twitter:data1\" content=\"6 minutes\" \/>\n<script type=\"application\/ld+json\" class=\"yoast-schema-graph\">{\"@context\":\"https:\\\/\\\/schema.org\",\"@graph\":[{\"@type\":\"WebPage\",\"@id\":\"https:\\\/\\\/uridan.com\\\/hr\\\/zastita-podataka\\\/\",\"url\":\"https:\\\/\\\/uridan.com\\\/hr\\\/zastita-podataka\\\/\",\"name\":\"Za\u0161tita podataka - uridan\u00ae waterless solutions\",\"isPartOf\":{\"@id\":\"https:\\\/\\\/uridan.com\\\/hr\\\/#website\"},\"datePublished\":\"2024-01-11T12:21:47+00:00\",\"dateModified\":\"2026-02-12T13:58:39+00:00\",\"breadcrumb\":{\"@id\":\"https:\\\/\\\/uridan.com\\\/hr\\\/zastita-podataka\\\/#breadcrumb\"},\"inLanguage\":\"hr-HR\",\"potentialAction\":[{\"@type\":\"ReadAction\",\"target\":[\"https:\\\/\\\/uridan.com\\\/hr\\\/zastita-podataka\\\/\"]}]},{\"@type\":\"BreadcrumbList\",\"@id\":\"https:\\\/\\\/uridan.com\\\/hr\\\/zastita-podataka\\\/#breadcrumb\",\"itemListElement\":[{\"@type\":\"ListItem\",\"position\":1,\"name\":\"Startseite\",\"item\":\"https:\\\/\\\/uridan.com\\\/hr\\\/\"},{\"@type\":\"ListItem\",\"position\":2,\"name\":\"Za\u0161tita podataka\"}]},{\"@type\":\"WebSite\",\"@id\":\"https:\\\/\\\/uridan.com\\\/hr\\\/#website\",\"url\":\"https:\\\/\\\/uridan.com\\\/hr\\\/\",\"name\":\"uridan\u00ae waterless solutions\",\"description\":\"wasserlose Urinale\",\"publisher\":{\"@id\":\"https:\\\/\\\/uridan.com\\\/hr\\\/#organization\"},\"alternateName\":\"wasserlose Urinalsysteme\",\"potentialAction\":[{\"@type\":\"SearchAction\",\"target\":{\"@type\":\"EntryPoint\",\"urlTemplate\":\"https:\\\/\\\/uridan.com\\\/hr\\\/?s={search_term_string}\"},\"query-input\":{\"@type\":\"PropertyValueSpecification\",\"valueRequired\":true,\"valueName\":\"search_term_string\"}}],\"inLanguage\":\"hr-HR\"},{\"@type\":\"Organization\",\"@id\":\"https:\\\/\\\/uridan.com\\\/hr\\\/#organization\",\"name\":\"uridan waterless solutions GmbH\",\"alternateName\":\"wasserlose Urinale\",\"url\":\"https:\\\/\\\/uridan.com\\\/hr\\\/\",\"logo\":{\"@type\":\"ImageObject\",\"inLanguage\":\"hr-HR\",\"@id\":\"https:\\\/\\\/uridan.com\\\/hr\\\/#\\\/schema\\\/logo\\\/image\\\/\",\"url\":\"https:\\\/\\\/uridan.com\\\/wp-content\\\/uploads\\\/2022\\\/05\\\/uridan_logo_2021.png\",\"contentUrl\":\"https:\\\/\\\/uridan.com\\\/wp-content\\\/uploads\\\/2022\\\/05\\\/uridan_logo_2021.png\",\"width\":2000,\"height\":705,\"caption\":\"uridan waterless solutions GmbH\"},\"image\":{\"@id\":\"https:\\\/\\\/uridan.com\\\/hr\\\/#\\\/schema\\\/logo\\\/image\\\/\"},\"sameAs\":[\"https:\\\/\\\/www.facebook.com\\\/uridanwaterlesssolutions\\\/\",\"https:\\\/\\\/www.instagram.com\\\/uridanwaterlesssolutions\\\/\",\"https:\\\/\\\/www.youtube.com\\\/channel\\\/UCSJEOm1IYOjs014WIxsVfJA\"]}]}<\/script>\n<!-- \/ Yoast SEO plugin. -->","yoast_head_json":{"title":"Za\u0161tita podataka - uridan\u00ae waterless solutions","robots":{"index":"index","follow":"follow","max-snippet":"max-snippet:-1","max-image-preview":"max-image-preview:large","max-video-preview":"max-video-preview:-1"},"canonical":"https:\/\/uridan.com\/hr\/zastita-podataka\/","og_locale":"hr_HR","og_type":"article","og_title":"Za\u0161tita podataka - uridan\u00ae waterless solutions","og_description":"Za\u0161tita podataka uridan\u00ae waterless solutions Ovu web stranicu vodi uridan waterless solutions GmbHSandfeld 5A-2100 Stetten operiran. Ova obavijest opisuje kako mi, kao voditelj obrade podataka, obra\u0111ujemo va\u0161e osobne podatke u vezi s ovim web mjestom u skladu sa zahtjevima Op\u0107e uredbe o za\u0161titi podataka EU (EU GDPR). Posebno nam je va\u017ena za\u0161tita Va\u0161ih osobnih podataka. [&hellip;]","og_url":"https:\/\/uridan.com\/hr\/zastita-podataka\/","og_site_name":"uridan\u00ae waterless solutions","article_publisher":"https:\/\/www.facebook.com\/uridanwaterlesssolutions\/","article_modified_time":"2026-02-12T13:58:39+00:00","twitter_card":"summary_large_image","twitter_misc":{"Est. reading time":"6 minutes"},"schema":{"@context":"https:\/\/schema.org","@graph":[{"@type":"WebPage","@id":"https:\/\/uridan.com\/hr\/zastita-podataka\/","url":"https:\/\/uridan.com\/hr\/zastita-podataka\/","name":"Za\u0161tita podataka - uridan\u00ae waterless solutions","isPartOf":{"@id":"https:\/\/uridan.com\/hr\/#website"},"datePublished":"2024-01-11T12:21:47+00:00","dateModified":"2026-02-12T13:58:39+00:00","breadcrumb":{"@id":"https:\/\/uridan.com\/hr\/zastita-podataka\/#breadcrumb"},"inLanguage":"hr-HR","potentialAction":[{"@type":"ReadAction","target":["https:\/\/uridan.com\/hr\/zastita-podataka\/"]}]},{"@type":"BreadcrumbList","@id":"https:\/\/uridan.com\/hr\/zastita-podataka\/#breadcrumb","itemListElement":[{"@type":"ListItem","position":1,"name":"Startseite","item":"https:\/\/uridan.com\/hr\/"},{"@type":"ListItem","position":2,"name":"Za\u0161tita podataka"}]},{"@type":"WebSite","@id":"https:\/\/uridan.com\/hr\/#website","url":"https:\/\/uridan.com\/hr\/","name":"uridan\u00ae waterless solutions","description":"wasserlose Urinale","publisher":{"@id":"https:\/\/uridan.com\/hr\/#organization"},"alternateName":"wasserlose Urinalsysteme","potentialAction":[{"@type":"SearchAction","target":{"@type":"EntryPoint","urlTemplate":"https:\/\/uridan.com\/hr\/?s={search_term_string}"},"query-input":{"@type":"PropertyValueSpecification","valueRequired":true,"valueName":"search_term_string"}}],"inLanguage":"hr-HR"},{"@type":"Organization","@id":"https:\/\/uridan.com\/hr\/#organization","name":"uridan waterless solutions GmbH","alternateName":"wasserlose Urinale","url":"https:\/\/uridan.com\/hr\/","logo":{"@type":"ImageObject","inLanguage":"hr-HR","@id":"https:\/\/uridan.com\/hr\/#\/schema\/logo\/image\/","url":"https:\/\/uridan.com\/wp-content\/uploads\/2022\/05\/uridan_logo_2021.png","contentUrl":"https:\/\/uridan.com\/wp-content\/uploads\/2022\/05\/uridan_logo_2021.png","width":2000,"height":705,"caption":"uridan waterless solutions GmbH"},"image":{"@id":"https:\/\/uridan.com\/hr\/#\/schema\/logo\/image\/"},"sameAs":["https:\/\/www.facebook.com\/uridanwaterlesssolutions\/","https:\/\/www.instagram.com\/uridanwaterlesssolutions\/","https:\/\/www.youtube.com\/channel\/UCSJEOm1IYOjs014WIxsVfJA"]}]}},"_links":{"self":[{"href":"https:\/\/uridan.com\/hr\/wp-json\/wp\/v2\/pages\/14211","targetHints":{"allow":["GET"]}}],"collection":[{"href":"https:\/\/uridan.com\/hr\/wp-json\/wp\/v2\/pages"}],"about":[{"href":"https:\/\/uridan.com\/hr\/wp-json\/wp\/v2\/types\/page"}],"author":[{"embeddable":true,"href":"https:\/\/uridan.com\/hr\/wp-json\/wp\/v2\/users\/2"}],"replies":[{"embeddable":true,"href":"https:\/\/uridan.com\/hr\/wp-json\/wp\/v2\/comments?post=14211"}],"version-history":[{"count":10,"href":"https:\/\/uridan.com\/hr\/wp-json\/wp\/v2\/pages\/14211\/revisions"}],"predecessor-version":[{"id":19641,"href":"https:\/\/uridan.com\/hr\/wp-json\/wp\/v2\/pages\/14211\/revisions\/19641"}],"wp:attachment":[{"href":"https:\/\/uridan.com\/hr\/wp-json\/wp\/v2\/media?parent=14211"}],"curies":[{"name":"wp","href":"https:\/\/api.w.org\/{rel}","templated":true}]}}