{"id":16841,"date":"2025-02-19T17:28:11","date_gmt":"2025-02-19T16:28:11","guid":{"rendered":"https:\/\/uridan.com\/?page_id=16841"},"modified":"2026-02-12T16:50:36","modified_gmt":"2026-02-12T15:50:36","slug":"protection-des-donnees","status":"publish","type":"page","link":"https:\/\/uridan.com\/fr\/protection-des-donnees\/","title":{"rendered":"Protection des donn\u00e9es"},"content":{"rendered":"\t\t<div data-elementor-type=\"wp-page\" data-elementor-id=\"16841\" class=\"elementor elementor-16841 elementor-10348\" data-elementor-post-type=\"page\">\n\t\t\t\t<div class=\"elementor-element elementor-element-f1015e6 e-flex e-con-boxed e-con e-parent\" data-id=\"f1015e6\" data-element_type=\"container\" data-e-type=\"container\" data-settings=\"{&quot;background_background&quot;:&quot;classic&quot;,&quot;shape_divider_bottom&quot;:&quot;waves&quot;}\">\n\t\t\t\t\t<div class=\"e-con-inner\">\n\t\t\t\t<div class=\"elementor-shape elementor-shape-bottom\" aria-hidden=\"true\" data-negative=\"false\">\n\t\t\t<svg xmlns=\"http:\/\/www.w3.org\/2000\/svg\" viewBox=\"0 0 1000 100\" preserveAspectRatio=\"none\">\n\t<path class=\"elementor-shape-fill\" d=\"M421.9,6.5c22.6-2.5,51.5,0.4,75.5,5.3c23.6,4.9,70.9,23.5,100.5,35.7c75.8,32.2,133.7,44.5,192.6,49.7\n\tc23.6,2.1,48.7,3.5,103.4-2.5c54.7-6,106.2-25.6,106.2-25.6V0H0v30.3c0,0,72,32.6,158.4,30.5c39.2-0.7,92.8-6.7,134-22.4\n\tc21.2-8.1,52.2-18.2,79.7-24.2C399.3,7.9,411.6,7.5,421.9,6.5z\"\/>\n<\/svg>\t\t<\/div>\n\t\t<div class=\"elementor-element elementor-element-9b0aaeb e-con-full e-flex e-con e-child\" data-id=\"9b0aaeb\" data-element_type=\"container\" data-e-type=\"container\">\n\t\t\t\t<div class=\"elementor-element elementor-element-9ad4457 elementor-widget elementor-widget-heading\" data-id=\"9ad4457\" data-element_type=\"widget\" data-e-type=\"widget\" data-widget_type=\"heading.default\">\n\t\t\t\t<div class=\"elementor-widget-container\">\n\t\t\t\t\t<h2 class=\"elementor-heading-title elementor-size-default\">Protection des donn\u00e9es<\/h2>\t\t\t\t<\/div>\n\t\t\t\t<\/div>\n\t\t\t\t<div class=\"elementor-element elementor-element-d499f7e elementor-widget-divider--view-line elementor-widget elementor-widget-divider\" data-id=\"d499f7e\" data-element_type=\"widget\" data-e-type=\"widget\" data-widget_type=\"divider.default\">\n\t\t\t\t<div class=\"elementor-widget-container\">\n\t\t\t\t\t\t\t<div class=\"elementor-divider\">\n\t\t\t<span class=\"elementor-divider-separator\">\n\t\t\t\t\t\t<\/span>\n\t\t<\/div>\n\t\t\t\t\t\t<\/div>\n\t\t\t\t<\/div>\n\t\t\t\t<div class=\"elementor-element elementor-element-35922d0 elementor-widget elementor-widget-heading\" data-id=\"35922d0\" data-element_type=\"widget\" data-e-type=\"widget\" data-widget_type=\"heading.default\">\n\t\t\t\t<div class=\"elementor-widget-container\">\n\t\t\t\t\t<h4 class=\"elementor-heading-title elementor-size-default\">uridan\u00ae waterless solutions<\/h4>\t\t\t\t<\/div>\n\t\t\t\t<\/div>\n\t\t\t\t<\/div>\n\t\t\t\t\t<\/div>\n\t\t\t\t<\/div>\n\t\t<div class=\"elementor-element elementor-element-4f2fbce e-flex e-con-boxed e-con e-parent\" data-id=\"4f2fbce\" data-element_type=\"container\" data-e-type=\"container\">\n\t\t\t\t\t<div class=\"e-con-inner\">\n\t\t<div class=\"elementor-element elementor-element-99a33a9 e-con-full e-flex e-con e-child\" data-id=\"99a33a9\" data-element_type=\"container\" data-e-type=\"container\">\n\t\t\t\t<div class=\"elementor-element elementor-element-d8a6c27 elementor-widget elementor-widget-text-editor\" data-id=\"d8a6c27\" data-element_type=\"widget\" data-e-type=\"widget\" data-widget_type=\"text-editor.default\">\n\t\t\t\t<div class=\"elementor-widget-container\">\n\t\t\t\t\t\t\t\t\t<div class=\"et_pb_module et_pb_text et_pb_text_0 et_pb_text_align_left et_pb_bg_layout_light\"><div class=\"et_pb_text_inner\"><p>Ce site Web est exploit\u00e9 par<\/p><p>solutions sans eau uridan GmbH<br \/>Champ de sable 5<br \/>A-2100 Stetten<\/p><p>exploit\u00e9. Cet avis d\u00e9crit comment nous, en tant que responsable du traitement des donn\u00e9es, traitons vos donn\u00e9es personnelles en relation avec ce site Web conform\u00e9ment aux exigences du r\u00e8glement g\u00e9n\u00e9ral sur la protection des donn\u00e9es de l&rsquo;UE (RGPD de l&rsquo;UE). La protection de vos donn\u00e9es personnelles rev\u00eat pour nous une importance particuli\u00e8re. Nous traitons donc vos donn\u00e9es exclusivement sur la base des dispositions l\u00e9gales (RGPD, TKG 2003). Dans cette information sur la protection des donn\u00e9es, nous vous informons sur les aspects les plus importants du traitement des donn\u00e9es sur notre site Web.<\/p><br \/><h2>Quelles donn\u00e9es nous traitons \u00e0 votre sujet<\/h2><p>Lorsque vous visitez ce site Web, les informations suivantes sont collect\u00e9es : la date et l&rsquo;heure d&rsquo;acc\u00e8s \u00e0 une page de notre site Web, votre adresse IP, le nom et la version de votre navigateur Web, le site Web (URL) que vous avez visit\u00e9 avant d&rsquo;acc\u00e9der \u00e0 ce site Web, certains cookies (voir \u00ab Cookies \u00bb) et les informations que vous fournissez vous-m\u00eame par le biais de vos entr\u00e9es.<\/p><p>Dans le formulaire de contact du partenaire commercial<\/p><p>Il n\u2019existe aucune obligation de fournir effectivement les donn\u00e9es que nous pourrions vous demander de fournir sur notre site Web. Toutefois, si vous ne le faites pas, vous risquez de rencontrer des limitations fonctionnelles lors de l\u2019utilisation du site Web.<\/p><p>Nous n&rsquo;utilisons pas ces donn\u00e9es et ne les transmettons g\u00e9n\u00e9ralement pas. De plus, aucun profilage ni aucune \u00e9valuation similaire de vos donn\u00e9es n&rsquo;a lieu r\u00e9guli\u00e8rement. Vos donn\u00e9es ne seront transmises qu&rsquo;avec votre consentement et uniquement dans le but sp\u00e9cifi\u00e9 (traitement d&rsquo;une commande client, commande, livraison, etc.).<\/p><br \/><h2>Transfert de donn\u00e9es crypt\u00e9<\/h2><p>Nous utilisons https avec le cryptage TLS (Transport Layer Security) pour transmettre des donn\u00e9es en toute s\u00e9curit\u00e9 sur Internet. En utilisant TLS, nous pouvons assurer la transmission s\u00e9curis\u00e9e de donn\u00e9es confidentielles. Vous pouvez reconna\u00eetre l&rsquo;utilisation de https\/TLS dans le navigateur gr\u00e2ce au petit symbole de cadenas et au pr\u00e9fixe https au d\u00e9but de l&rsquo;adresse du site Web.<\/p><p>\u00a0<\/p><h2>Contactez-nous<\/h2><p>Si vous nous contactez via le formulaire sur le site Internet ou par email, les donn\u00e9es que vous nous fournissez seront conserv\u00e9es par nos soins pendant 3 ans aux fins du traitement de votre demande et en cas de questions compl\u00e9mentaires. Nous ne transmettrons pas ces donn\u00e9es sans votre consentement.<\/p><p>Si vous nous envoyez des donn\u00e9es personnelles par courrier \u00e9lectronique, nous ne pouvons pas garantir la transmission s\u00e9curis\u00e9e et la protection de vos donn\u00e9es. Nous vous recommandons donc de ne pas envoyer de donn\u00e9es confidentielles non crypt\u00e9es par courrier \u00e9lectronique.<\/p><br \/><h2>Cookies<\/h2><p>Ce site Web utilise des cookies. Un cookie est un fichier qui peut \u00eatre stock\u00e9 sur votre ordinateur lorsque vous visitez un site Web. Fondamentalement, les cookies sont utilis\u00e9s pour fournir aux utilisateurs des fonctionnalit\u00e9s suppl\u00e9mentaires sur un site Web (par exemple, faciliter la navigation sur le site Web, vous permettre de continuer \u00e0 utiliser le site Web l\u00e0 o\u00f9 vous l&rsquo;avez laiss\u00e9 et\/ou enregistrer vos pr\u00e9f\u00e9rences et param\u00e8tres lorsque vous visitez \u00e0 nouveau le site Web). Les cookies ne peuvent pas acc\u00e9der, lire ou modifier aucune autre donn\u00e9e de votre ordinateur.<\/p><p>La plupart des cookies de ce site Web sont des cookies de session. Ils sont automatiquement supprim\u00e9s lorsque vous quittez notre site Web. Les cookies persistants, en revanche, restent sur votre ordinateur jusqu&rsquo;\u00e0 ce que vous les supprimiez manuellement dans votre navigateur. Nous utilisons ces cookies persistants pour vous reconna\u00eetre la prochaine fois que vous visitez notre site Web.<\/p><p>Si vous souhaitez contr\u00f4ler les cookies sur votre ordinateur, vous pouvez configurer votre navigateur pour qu&rsquo;il vous avertisse lorsqu&rsquo;un site Web souhaite stocker des cookies. Vous pouvez \u00e9galement bloquer ou supprimer les cookies s\u2019ils ont d\u00e9j\u00e0 \u00e9t\u00e9 enregistr\u00e9s sur votre ordinateur. Si les cookies sont d\u00e9sactiv\u00e9s, la fonctionnalit\u00e9 de notre site Web peut \u00eatre limit\u00e9e.<\/p><\/div><p><span class=\"code-example\"><span class=\"borlabs-cookie-open-dialog-preferences brlbs-cmpnt-container\" data-borlabs-cookie-title=\"Cookie Einstellungen\" data-borlabs-cookie-type=\"button\" ><\/span><\/span><\/p><p>\u00a0<\/p><div class=\"et_pb_text_inner\"><h2>Finalit\u00e9s du traitement des donn\u00e9es<\/h2><p>Nous traitons vos donn\u00e9es personnelles aux fins suivantes:<\/p><ul><li>pour vous fournir ce site Web et pour am\u00e9liorer et d\u00e9velopper davantage ce site Web<\/li><li>pour cr\u00e9er des statistiques d&rsquo;utilisation<\/li><li>pour d\u00e9tecter, pr\u00e9venir et enqu\u00eater sur les attaques sur notre site Web<\/li><li>pour r\u00e9pondre \u00e0 vos demandes<\/li><\/ul><p>Lorsque vous nous contactez via notre formulaire Web destin\u00e9 aux partenaires commerciaux, nous utilisons les donn\u00e9es que vous nous fournissez pour traiter toutes les formalit\u00e9s n\u00e9cessaires \u00e0 l&rsquo;inscription en tant que partenaire commercial.<\/p><p>\u00a0<\/p><h2>Base juridique du traitement<\/h2><p>La base juridique du traitement de vos donn\u00e9es personnelles est notre int\u00e9r\u00eat l\u00e9gitime pr\u00e9pond\u00e9rant (conform\u00e9ment \u00e0 l&rsquo;art. 6 al. 1 lit f du r\u00e8glement g\u00e9n\u00e9ral sur la protection des donn\u00e9es de l&rsquo;UE), qui consiste \u00e0 atteindre les finalit\u00e9s \u00e9nonc\u00e9es ci-dessus.<\/p><p>\u00a0<\/p><h2>Transmission de vos donn\u00e9es personnelles<\/h2><p>Aux fins mentionn\u00e9es ci-dessus, nous transmettrons vos donn\u00e9es personnelles aux prestataires de services informatiques que nous employons, notamment aux fournisseurs de CRM, aux partenaires logistiques et \u00e0 d&rsquo;autres soci\u00e9t\u00e9s dont l&rsquo;implication est n\u00e9cessaire au traitement de notre relation commerciale avec vous.<\/p><p>Certains des destinataires ci-dessus peuvent \u00eatre situ\u00e9s en dehors de votre pays ou peuvent y traiter vos donn\u00e9es personnelles. Le niveau de protection des donn\u00e9es dans d\u2019autres pays peut ne pas correspondre \u00e0 celui de votre pays. Toutefois, nous transf\u00e9rons vos donn\u00e9es personnelles uniquement vers des pays pour lesquels la Commission europ\u00e9enne a d\u00e9cid\u00e9 qu&rsquo;ils disposent d&rsquo;un niveau de protection des donn\u00e9es ad\u00e9quat ou nous prenons des mesures pour garantir que tous les destinataires disposent d&rsquo;un niveau de protection des donn\u00e9es ad\u00e9quat. \u00c0 cette fin, nous concluons par exemple des clauses contractuelles types (2010\/87\/CE et\/ou 2004\/915\/CE).<\/p><br \/><h2>Vos droits en lien avec les donn\u00e9es personnelles<\/h2><p>Vous avez le droit, entre autres (dans les conditions du droit applicable), de (i) v\u00e9rifier si et quelles donn\u00e9es personnelles nous avons stock\u00e9es \u00e0 votre sujet et de recevoir des copies de ces donn\u00e9es, (ii) demander la correction, l&rsquo;ajout ou la suppression de vos donn\u00e9es personnelles qui sont incorrectes ou qui ne sont pas trait\u00e9es conform\u00e9ment \u00e0 la loi, (iii) demander que nous limitions le traitement de vos donn\u00e9es personnelles, et (iv) dans certaines circonstances, vous opposer au traitement de vos donn\u00e9es personnelles ou retirer le consentement pr\u00e9c\u00e9demment donn\u00e9 pour le traitement, (v) demander la portabilit\u00e9 des donn\u00e9es, (vi) conna\u00eetre l&rsquo;identit\u00e9 des tiers auxquels vos donn\u00e9es personnelles sont transmises et (vii) d\u00e9poser une plainte aupr\u00e8s de l&rsquo;autorit\u00e9 comp\u00e9tente.<\/p><p>En Autriche, l&rsquo;autorit\u00e9 de contr\u00f4le comp\u00e9tente est l&rsquo;Autorit\u00e9 de protection des donn\u00e9es, dont le site Internet se trouve \u00e0 l&rsquo;adresse https:\/\/www.dsb.gv.at\/.<\/p><br \/><h2>Analyse web<\/h2><p>Notre site Web utilise les fonctions du service d&rsquo;analyse Web Google Analytics. \u00c0 cette fin, des cookies sont utilis\u00e9s pour permettre l\u2019analyse de l\u2019utilisation du site Web par ses utilisateurs. Les informations ainsi g\u00e9n\u00e9r\u00e9es sont transmises au serveur du fournisseur et y sont stock\u00e9es. Vous trouverez ici des informations sur les conditions d&rsquo;utilisation et la protection des donn\u00e9es :<\/p><p><a href=\"https:\/\/www.google.com\/analytics\/terms\/de.html\">https:\/\/www.google.com\/analytics\/terms\/de.html<\/a><br \/><a href=\"https:\/\/support.google.com\/analytics\/answer\/6004245?hl=de\">https:\/\/support.google.com\/analytics\/answer\/6004245?hl=de<\/a><\/p><p>Les donn\u00e9es utilisateur sont anonymis\u00e9es, seule une localisation approximative est donc possible. Le traitement des donn\u00e9es est effectu\u00e9 sur la base des dispositions l\u00e9gales de l&rsquo;article 96 alin\u00e9a 3 TKG et de l&rsquo;article 6 alin\u00e9a 1 lettre a (consentement) et\/ou f (int\u00e9r\u00eat l\u00e9gitime) du RGPD.<\/p><p>Vous pouvez emp\u00eacher cela en param\u00e9trant votre navigateur de mani\u00e8re \u00e0 ce qu&rsquo;aucun cookie ne soit enregistr\u00e9 ou en installant des plug-ins de navigateur fournis par Google pour emp\u00eacher la collecte et le traitement des donn\u00e9es: <a href=\"https:\/\/tools.google.com\/dlpage\/gaoptout?hl=de\">https:\/\/tools.google.com\/dlpage\/gaoptout?hl=de<\/a><\/p><p>La relation avec le fournisseur d&rsquo;analyse Web est bas\u00e9e sur une d\u00e9cision d&rsquo;ad\u00e9quation de la Commission europ\u00e9enne (par exemple dans le cas des \u00c9tats-Unis : \u00ab Privacy Shield \u00bb).<\/p><h2>Kontakt<\/h2><p>Si vous avez des questions ou des pr\u00e9occupations concernant le traitement de vos donn\u00e9es personnelles, veuillez nous contacter:<\/p><p>uridan waterless solutions GmbH<br \/>Sandfeld 5<br \/>A-2100 Stetten<br \/>office@uridan.com<\/p><p>Derni\u00e8re mise \u00e0 jour 2025.<\/p><\/div><\/div>\t\t\t\t\t\t\t\t<\/div>\n\t\t\t\t<\/div>\n\t\t\t\t<\/div>\n\t\t\t\t\t<\/div>\n\t\t\t\t<\/div>\n\t\t\t\t<\/div>\n\t\t","protected":false},"excerpt":{"rendered":"<p>Protection des donn\u00e9es uridan\u00ae waterless solutions Ce site Web est exploit\u00e9 par solutions sans eau uridan GmbHChamp de sable 5A-2100 Stetten exploit\u00e9. Cet avis d\u00e9crit comment nous, en tant que responsable du traitement des donn\u00e9es, traitons vos donn\u00e9es personnelles en relation avec ce site Web conform\u00e9ment aux exigences du r\u00e8glement g\u00e9n\u00e9ral sur la protection des [&hellip;]<\/p>\n","protected":false},"author":2,"featured_media":0,"parent":0,"menu_order":0,"comment_status":"closed","ping_status":"closed","template":"","meta":{"_acf_changed":false,"_monsterinsights_skip_tracking":false,"_monsterinsights_sitenote_active":false,"_monsterinsights_sitenote_note":"","_monsterinsights_sitenote_category":0,"footnotes":""},"class_list":["post-16841","page","type-page","status-publish","hentry"],"acf":[],"yoast_head":"<!-- This site is optimized with the Yoast SEO plugin v27.4 - https:\/\/yoast.com\/product\/yoast-seo-wordpress\/ -->\n<title>Protection des donn\u00e9es - uridan\u00ae waterless solutions<\/title>\n<meta name=\"robots\" content=\"index, follow, max-snippet:-1, max-image-preview:large, max-video-preview:-1\" \/>\n<link rel=\"canonical\" href=\"https:\/\/uridan.com\/fr\/protection-des-donnees\/\" \/>\n<meta property=\"og:locale\" content=\"fr_FR\" \/>\n<meta property=\"og:type\" content=\"article\" \/>\n<meta property=\"og:title\" content=\"Protection des donn\u00e9es - uridan\u00ae waterless solutions\" \/>\n<meta property=\"og:description\" content=\"Protection des donn\u00e9es uridan\u00ae waterless solutions Ce site Web est exploit\u00e9 par solutions sans eau uridan GmbHChamp de sable 5A-2100 Stetten exploit\u00e9. Cet avis d\u00e9crit comment nous, en tant que responsable du traitement des donn\u00e9es, traitons vos donn\u00e9es personnelles en relation avec ce site Web conform\u00e9ment aux exigences du r\u00e8glement g\u00e9n\u00e9ral sur la protection des [&hellip;]\" \/>\n<meta property=\"og:url\" content=\"https:\/\/uridan.com\/fr\/protection-des-donnees\/\" \/>\n<meta property=\"og:site_name\" content=\"uridan\u00ae waterless solutions\" \/>\n<meta property=\"article:publisher\" content=\"https:\/\/www.facebook.com\/uridanwaterlesssolutions\/\" \/>\n<meta property=\"article:modified_time\" content=\"2026-02-12T15:50:36+00:00\" \/>\n<meta name=\"twitter:card\" content=\"summary_large_image\" \/>\n<meta name=\"twitter:label1\" content=\"Dur\u00e9e de lecture estim\u00e9e\" \/>\n\t<meta name=\"twitter:data1\" content=\"7 minutes\" \/>\n<script type=\"application\/ld+json\" class=\"yoast-schema-graph\">{\"@context\":\"https:\\\/\\\/schema.org\",\"@graph\":[{\"@type\":\"WebPage\",\"@id\":\"https:\\\/\\\/uridan.com\\\/fr\\\/protection-des-donnees\\\/\",\"url\":\"https:\\\/\\\/uridan.com\\\/fr\\\/protection-des-donnees\\\/\",\"name\":\"Protection des donn\u00e9es - uridan\u00ae waterless solutions\",\"isPartOf\":{\"@id\":\"https:\\\/\\\/uridan.com\\\/fr\\\/#website\"},\"datePublished\":\"2025-02-19T16:28:11+00:00\",\"dateModified\":\"2026-02-12T15:50:36+00:00\",\"breadcrumb\":{\"@id\":\"https:\\\/\\\/uridan.com\\\/fr\\\/protection-des-donnees\\\/#breadcrumb\"},\"inLanguage\":\"fr-FR\",\"potentialAction\":[{\"@type\":\"ReadAction\",\"target\":[\"https:\\\/\\\/uridan.com\\\/fr\\\/protection-des-donnees\\\/\"]}]},{\"@type\":\"BreadcrumbList\",\"@id\":\"https:\\\/\\\/uridan.com\\\/fr\\\/protection-des-donnees\\\/#breadcrumb\",\"itemListElement\":[{\"@type\":\"ListItem\",\"position\":1,\"name\":\"Startseite\",\"item\":\"https:\\\/\\\/uridan.com\\\/fr\\\/\"},{\"@type\":\"ListItem\",\"position\":2,\"name\":\"Protection des donn\u00e9es\"}]},{\"@type\":\"WebSite\",\"@id\":\"https:\\\/\\\/uridan.com\\\/fr\\\/#website\",\"url\":\"https:\\\/\\\/uridan.com\\\/fr\\\/\",\"name\":\"uridan\u00ae waterless solutions\",\"description\":\"wasserlose Urinale\",\"publisher\":{\"@id\":\"https:\\\/\\\/uridan.com\\\/fr\\\/#organization\"},\"alternateName\":\"wasserlose Urinalsysteme\",\"potentialAction\":[{\"@type\":\"SearchAction\",\"target\":{\"@type\":\"EntryPoint\",\"urlTemplate\":\"https:\\\/\\\/uridan.com\\\/fr\\\/?s={search_term_string}\"},\"query-input\":{\"@type\":\"PropertyValueSpecification\",\"valueRequired\":true,\"valueName\":\"search_term_string\"}}],\"inLanguage\":\"fr-FR\"},{\"@type\":\"Organization\",\"@id\":\"https:\\\/\\\/uridan.com\\\/fr\\\/#organization\",\"name\":\"uridan waterless solutions GmbH\",\"alternateName\":\"wasserlose Urinale\",\"url\":\"https:\\\/\\\/uridan.com\\\/fr\\\/\",\"logo\":{\"@type\":\"ImageObject\",\"inLanguage\":\"fr-FR\",\"@id\":\"https:\\\/\\\/uridan.com\\\/fr\\\/#\\\/schema\\\/logo\\\/image\\\/\",\"url\":\"https:\\\/\\\/uridan.com\\\/wp-content\\\/uploads\\\/2022\\\/05\\\/uridan_logo_2021.png\",\"contentUrl\":\"https:\\\/\\\/uridan.com\\\/wp-content\\\/uploads\\\/2022\\\/05\\\/uridan_logo_2021.png\",\"width\":2000,\"height\":705,\"caption\":\"uridan waterless solutions GmbH\"},\"image\":{\"@id\":\"https:\\\/\\\/uridan.com\\\/fr\\\/#\\\/schema\\\/logo\\\/image\\\/\"},\"sameAs\":[\"https:\\\/\\\/www.facebook.com\\\/uridanwaterlesssolutions\\\/\",\"https:\\\/\\\/www.instagram.com\\\/uridanwaterlesssolutions\\\/\",\"https:\\\/\\\/www.youtube.com\\\/channel\\\/UCSJEOm1IYOjs014WIxsVfJA\"]}]}<\/script>\n<!-- \/ Yoast SEO plugin. -->","yoast_head_json":{"title":"Protection des donn\u00e9es - uridan\u00ae waterless solutions","robots":{"index":"index","follow":"follow","max-snippet":"max-snippet:-1","max-image-preview":"max-image-preview:large","max-video-preview":"max-video-preview:-1"},"canonical":"https:\/\/uridan.com\/fr\/protection-des-donnees\/","og_locale":"fr_FR","og_type":"article","og_title":"Protection des donn\u00e9es - uridan\u00ae waterless solutions","og_description":"Protection des donn\u00e9es uridan\u00ae waterless solutions Ce site Web est exploit\u00e9 par solutions sans eau uridan GmbHChamp de sable 5A-2100 Stetten exploit\u00e9. Cet avis d\u00e9crit comment nous, en tant que responsable du traitement des donn\u00e9es, traitons vos donn\u00e9es personnelles en relation avec ce site Web conform\u00e9ment aux exigences du r\u00e8glement g\u00e9n\u00e9ral sur la protection des [&hellip;]","og_url":"https:\/\/uridan.com\/fr\/protection-des-donnees\/","og_site_name":"uridan\u00ae waterless solutions","article_publisher":"https:\/\/www.facebook.com\/uridanwaterlesssolutions\/","article_modified_time":"2026-02-12T15:50:36+00:00","twitter_card":"summary_large_image","twitter_misc":{"Dur\u00e9e de lecture estim\u00e9e":"7 minutes"},"schema":{"@context":"https:\/\/schema.org","@graph":[{"@type":"WebPage","@id":"https:\/\/uridan.com\/fr\/protection-des-donnees\/","url":"https:\/\/uridan.com\/fr\/protection-des-donnees\/","name":"Protection des donn\u00e9es - uridan\u00ae waterless solutions","isPartOf":{"@id":"https:\/\/uridan.com\/fr\/#website"},"datePublished":"2025-02-19T16:28:11+00:00","dateModified":"2026-02-12T15:50:36+00:00","breadcrumb":{"@id":"https:\/\/uridan.com\/fr\/protection-des-donnees\/#breadcrumb"},"inLanguage":"fr-FR","potentialAction":[{"@type":"ReadAction","target":["https:\/\/uridan.com\/fr\/protection-des-donnees\/"]}]},{"@type":"BreadcrumbList","@id":"https:\/\/uridan.com\/fr\/protection-des-donnees\/#breadcrumb","itemListElement":[{"@type":"ListItem","position":1,"name":"Startseite","item":"https:\/\/uridan.com\/fr\/"},{"@type":"ListItem","position":2,"name":"Protection des donn\u00e9es"}]},{"@type":"WebSite","@id":"https:\/\/uridan.com\/fr\/#website","url":"https:\/\/uridan.com\/fr\/","name":"uridan\u00ae waterless solutions","description":"wasserlose Urinale","publisher":{"@id":"https:\/\/uridan.com\/fr\/#organization"},"alternateName":"wasserlose Urinalsysteme","potentialAction":[{"@type":"SearchAction","target":{"@type":"EntryPoint","urlTemplate":"https:\/\/uridan.com\/fr\/?s={search_term_string}"},"query-input":{"@type":"PropertyValueSpecification","valueRequired":true,"valueName":"search_term_string"}}],"inLanguage":"fr-FR"},{"@type":"Organization","@id":"https:\/\/uridan.com\/fr\/#organization","name":"uridan waterless solutions GmbH","alternateName":"wasserlose Urinale","url":"https:\/\/uridan.com\/fr\/","logo":{"@type":"ImageObject","inLanguage":"fr-FR","@id":"https:\/\/uridan.com\/fr\/#\/schema\/logo\/image\/","url":"https:\/\/uridan.com\/wp-content\/uploads\/2022\/05\/uridan_logo_2021.png","contentUrl":"https:\/\/uridan.com\/wp-content\/uploads\/2022\/05\/uridan_logo_2021.png","width":2000,"height":705,"caption":"uridan waterless solutions GmbH"},"image":{"@id":"https:\/\/uridan.com\/fr\/#\/schema\/logo\/image\/"},"sameAs":["https:\/\/www.facebook.com\/uridanwaterlesssolutions\/","https:\/\/www.instagram.com\/uridanwaterlesssolutions\/","https:\/\/www.youtube.com\/channel\/UCSJEOm1IYOjs014WIxsVfJA"]}]}},"_links":{"self":[{"href":"https:\/\/uridan.com\/fr\/wp-json\/wp\/v2\/pages\/16841","targetHints":{"allow":["GET"]}}],"collection":[{"href":"https:\/\/uridan.com\/fr\/wp-json\/wp\/v2\/pages"}],"about":[{"href":"https:\/\/uridan.com\/fr\/wp-json\/wp\/v2\/types\/page"}],"author":[{"embeddable":true,"href":"https:\/\/uridan.com\/fr\/wp-json\/wp\/v2\/users\/2"}],"replies":[{"embeddable":true,"href":"https:\/\/uridan.com\/fr\/wp-json\/wp\/v2\/comments?post=16841"}],"version-history":[{"count":10,"href":"https:\/\/uridan.com\/fr\/wp-json\/wp\/v2\/pages\/16841\/revisions"}],"predecessor-version":[{"id":19693,"href":"https:\/\/uridan.com\/fr\/wp-json\/wp\/v2\/pages\/16841\/revisions\/19693"}],"wp:attachment":[{"href":"https:\/\/uridan.com\/fr\/wp-json\/wp\/v2\/media?parent=16841"}],"curies":[{"name":"wp","href":"https:\/\/api.w.org\/{rel}","templated":true}]}}